{"id":43111,"date":"2025-02-24T15:14:55","date_gmt":"2025-02-24T18:14:55","guid":{"rendered":"https:\/\/elquintopecado.cl\/demo\/?post_type=product&#038;p=43111"},"modified":"2025-02-24T15:14:55","modified_gmt":"2025-02-24T18:14:55","slug":"bolitas-de-chocolate-sin-azucar","status":"publish","type":"product","link":"https:\/\/elquintopecado.cl\/demo\/product\/bolitas-de-chocolate-sin-azucar\/","title":{"rendered":"Bolitas de Chocolate sin Az\u00facar"},"content":{"rendered":"<p>Bolitas a base de bizcocho sin az\u00facar (hechas con alulosa), rellenas con trufa, manjar, mermelada de frambuesa, y ba\u00f1adas en chocolate<\/p>\n","protected":false},"excerpt":{"rendered":"<p>Bolitas a base de bizcocho sin az\u00facar (hechas con alulosa), rellenas con trufa, manjar, mermelada de frambuesa, y ba\u00f1adas en chocolate<\/p>\n","protected":false},"featured_media":43112,"comment_status":"open","ping_status":"closed","template":"","meta":[],"product_brand":[],"product_cat":[199],"product_tag":[],"class_list":{"0":"post-43111","1":"product","2":"type-product","3":"status-publish","4":"has-post-thumbnail","6":"product_cat-pecados-dulces","8":"first","9":"instock","10":"shipping-taxable","11":"purchasable","12":"product-type-simple"},"_links":{"self":[{"href":"https:\/\/elquintopecado.cl\/demo\/wp-json\/wp\/v2\/product\/43111","targetHints":{"allow":["GET"]}}],"collection":[{"href":"https:\/\/elquintopecado.cl\/demo\/wp-json\/wp\/v2\/product"}],"about":[{"href":"https:\/\/elquintopecado.cl\/demo\/wp-json\/wp\/v2\/types\/product"}],"replies":[{"embeddable":true,"href":"https:\/\/elquintopecado.cl\/demo\/wp-json\/wp\/v2\/comments?post=43111"}],"wp:featuredmedia":[{"embeddable":true,"href":"https:\/\/elquintopecado.cl\/demo\/wp-json\/wp\/v2\/media\/43112"}],"wp:attachment":[{"href":"https:\/\/elquintopecado.cl\/demo\/wp-json\/wp\/v2\/media?parent=43111"}],"wp:term":[{"taxonomy":"product_brand","embeddable":true,"href":"https:\/\/elquintopecado.cl\/demo\/wp-json\/wp\/v2\/product_brand?post=43111"},{"taxonomy":"product_cat","embeddable":true,"href":"https:\/\/elquintopecado.cl\/demo\/wp-json\/wp\/v2\/product_cat?post=43111"},{"taxonomy":"product_tag","embeddable":true,"href":"https:\/\/elquintopecado.cl\/demo\/wp-json\/wp\/v2\/product_tag?post=43111"}],"curies":[{"name":"wp","href":"https:\/\/api.w.org\/{rel}","templated":true}]}}