{"id":43114,"date":"2025-02-24T15:21:35","date_gmt":"2025-02-24T18:21:35","guid":{"rendered":"https:\/\/elquintopecado.cl\/demo\/?post_type=product&#038;p=43114"},"modified":"2025-02-24T15:21:35","modified_gmt":"2025-02-24T18:21:35","slug":"popcake-sin-azucar","status":"publish","type":"product","link":"https:\/\/elquintopecado.cl\/demo\/product\/popcake-sin-azucar\/","title":{"rendered":"Popcake sin Az\u00facar"},"content":{"rendered":"<p>Bolita a base de bizcocho sin az\u00facar (hechas con alulosa), rellenas de trufa, manjar, mermelada de frambuesa, y ba\u00f1adas en chocolate<\/p>\n","protected":false},"excerpt":{"rendered":"<p>Bolita a base de bizcocho sin az\u00facar (hechas con alulosa), rellenas de trufa, manjar, mermelada de frambuesa, y ba\u00f1adas en chocolate<\/p>\n","protected":false},"featured_media":43115,"comment_status":"open","ping_status":"closed","template":"","meta":[],"product_brand":[],"product_cat":[199],"product_tag":[],"class_list":{"0":"post-43114","1":"product","2":"type-product","3":"status-publish","4":"has-post-thumbnail","6":"product_cat-pecados-dulces","8":"first","9":"instock","10":"shipping-taxable","11":"purchasable","12":"product-type-simple"},"_links":{"self":[{"href":"https:\/\/elquintopecado.cl\/demo\/wp-json\/wp\/v2\/product\/43114","targetHints":{"allow":["GET"]}}],"collection":[{"href":"https:\/\/elquintopecado.cl\/demo\/wp-json\/wp\/v2\/product"}],"about":[{"href":"https:\/\/elquintopecado.cl\/demo\/wp-json\/wp\/v2\/types\/product"}],"replies":[{"embeddable":true,"href":"https:\/\/elquintopecado.cl\/demo\/wp-json\/wp\/v2\/comments?post=43114"}],"wp:featuredmedia":[{"embeddable":true,"href":"https:\/\/elquintopecado.cl\/demo\/wp-json\/wp\/v2\/media\/43115"}],"wp:attachment":[{"href":"https:\/\/elquintopecado.cl\/demo\/wp-json\/wp\/v2\/media?parent=43114"}],"wp:term":[{"taxonomy":"product_brand","embeddable":true,"href":"https:\/\/elquintopecado.cl\/demo\/wp-json\/wp\/v2\/product_brand?post=43114"},{"taxonomy":"product_cat","embeddable":true,"href":"https:\/\/elquintopecado.cl\/demo\/wp-json\/wp\/v2\/product_cat?post=43114"},{"taxonomy":"product_tag","embeddable":true,"href":"https:\/\/elquintopecado.cl\/demo\/wp-json\/wp\/v2\/product_tag?post=43114"}],"curies":[{"name":"wp","href":"https:\/\/api.w.org\/{rel}","templated":true}]}}